{"id":8,"date":"2026-04-07T21:16:14","date_gmt":"2026-04-07T21:16:14","guid":{"rendered":"https:\/\/fa.udv.org\/?page_id=8"},"modified":"2026-04-08T03:04:57","modified_gmt":"2026-04-08T03:04:57","slug":"home","status":"publish","type":"page","link":"https:\/\/fa.udv.org\/","title":{"rendered":"Home"},"content":{"rendered":"\n<div class=\"wp-block-cover alignfull is-light\" style=\"min-height:720px;aspect-ratio:unset;\"><span aria-hidden=\"true\" class=\"wp-block-cover__background has-background-dim-100 has-background-dim has-background-gradient\" style=\"background:linear-gradient(35deg,rgb(6,0,151) 0%,rgb(130,4,255) 73%,rgb(193,15,255) 100%)\"><\/span><div class=\"wp-block-cover__inner-container is-layout-flow wp-block-cover-is-layout-flow\">\n<div class=\"inherit-container-width wp-block-group alignwide is-layout-constrained wp-block-group-is-layout-constrained\">\n<div class=\"wp-block-media-text alignwide has-media-on-the-right is-stacked-on-mobile is-vertically-aligned-center\" style=\"grid-template-columns:auto 43%\"><div class=\"wp-block-media-text__content\">\n<h1 class=\"wp-block-heading has-text-align-left has-white-color has-text-color\">Unindo for\u00e7as para o futuro da Uni\u00e3o do Vegetal<\/h1>\n\n\n\n<p class=\"has-white-color has-text-color\">Uma contribui\u00e7\u00e3o volunt\u00e1ria que transforma recursos em a\u00e7\u00f5es concretas de benefic\u00eancia, preserva\u00e7\u00e3o, tecnologia e mem\u00f3ria.<\/p>\n\n\n\n<div class=\"wp-block-buttons is-layout-flex wp-block-buttons-is-layout-flex\">\n<div class=\"wp-block-button\"><a class=\"wp-block-button__link wp-element-button\" href=\"#\">Quero Contribuir<\/a><\/div>\n<\/div>\n<\/div><figure class=\"wp-block-media-text__media\"><img decoding=\"async\" src=\"https:\/\/fa.udv.org\/wp-content\/themes\/astra\/inc\/assets\/images\/starter-content\/hero-img.svg\" alt=\"\" class=\"wp-image-118 size-full\"\/><\/figure><\/div>\n<\/div>\n<\/div><\/div>\n\n\n\n<hr class=\"wp-block-separator has-alpha-channel-opacity\"\/>\n\n\n\n<h2 class=\"wp-block-heading\">NOSSA HIST\u00d3RIA &amp; PROP\u00d3SITO<\/h2>\n\n\n\n<p>Mais do que uma contribui\u00e7\u00e3o, \u00e9 um gesto de confian\u00e7a e responsabilidade compartilhada. Em 2025, a Faixa Adicional passou a operar em fundo unificado, limitando despesas recorrentes a 40% e priorizando projetos estrat\u00e9gicos para o Centro.<\/p>\n\n\n\n<div id=\"whyus\" class=\"wp-block-group is-layout-constrained wp-container-core-group-is-layout-3fee123f wp-block-group-is-layout-constrained\" style=\"padding-top:144px;padding-bottom:144px\">\n<h2 class=\"wp-block-heading\">ONDE ATUAM OS RECURSOS<\/h2>\n\n\n\n<figure class=\"wp-block-pullquote\"><blockquote><p><em>&#8220;Sua doa\u00e7\u00e3o \u00e9 aplicada com transpar\u00eancia em projetos reais de plantio, assist\u00eancia e mem\u00f3ria. Contribuir \u00e9 cuidar juntos do legado da Uni\u00e3o.&#8221;<\/em><\/p><cite>Assinado xxx<\/cite><\/blockquote><\/figure>\n<\/div>\n\n\n\n<div class=\"wp-block-group alignfull has-background is-layout-constrained wp-container-core-group-is-layout-cfcca693 wp-block-group-is-layout-constrained\" id=\"contact\" style=\"background:linear-gradient(35deg,rgb(6,0,151) 0%,rgb(130,4,255) 64%,rgb(193,15,255) 98%);padding-top:104px;padding-bottom:104px\">\n<h2 class=\"wp-block-heading has-text-align-center has-text-color\" style=\"color:#ffffff\">Sua doa\u00e7\u00e3o fortalece o presente e garante o futuro<\/h2>\n\n\n\n<div class=\"wp-block-buttons alignwide is-horizontal is-content-justification-center is-layout-flex wp-container-core-buttons-is-layout-bba8380a wp-block-buttons-is-layout-flex\" style=\"margin-top:50px\">\n<div class=\"wp-block-button\"><a class=\"wp-block-button__link wp-element-button\">Contribua<\/a><\/div>\n<\/div>\n<\/div>\n\n\n\n<p><\/p>\n","protected":false},"excerpt":{"rendered":"<p>NOSSA HIST\u00d3RIA &amp; PROP\u00d3SITO Mais do que uma contribui\u00e7\u00e3o, \u00e9 um gesto de confian\u00e7a e responsabilidade compartilhada. Em 2025, a [&hellip;]<\/p>\n","protected":false},"author":1,"featured_media":0,"parent":0,"menu_order":0,"comment_status":"closed","ping_status":"closed","template":"","meta":{"site-sidebar-layout":"no-sidebar","site-content-layout":"plain-container","ast-site-content-layout":"default","site-content-style":"default","site-sidebar-style":"default","ast-global-header-display":"","ast-banner-title-visibility":"","ast-main-header-display":"","ast-hfb-above-header-display":"","ast-hfb-below-header-display":"","ast-hfb-mobile-header-display":"","site-post-title":"disabled","ast-breadcrumbs-content":"","ast-featured-img":"","footer-sml-layout":"","ast-disable-related-posts":"","theme-transparent-header-meta":"enabled","adv-header-id-meta":"","stick-header-meta":"","header-above-stick-meta":"","header-main-stick-meta":"","header-below-stick-meta":"","astra-migrate-meta-layouts":"default","ast-page-background-enabled":"default","ast-page-background-meta":{"desktop":{"background-color":"var(--ast-global-color-5)","background-image":"","background-repeat":"repeat","background-position":"center center","background-size":"auto","background-attachment":"scroll","background-type":"","background-media":"","overlay-type":"","overlay-color":"","overlay-opacity":"","overlay-gradient":""},"tablet":{"background-color":"","background-image":"","background-repeat":"repeat","background-position":"center center","background-size":"auto","background-attachment":"scroll","background-type":"","background-media":"","overlay-type":"","overlay-color":"","overlay-opacity":"","overlay-gradient":""},"mobile":{"background-color":"","background-image":"","background-repeat":"repeat","background-position":"center center","background-size":"auto","background-attachment":"scroll","background-type":"","background-media":"","overlay-type":"","overlay-color":"","overlay-opacity":"","overlay-gradient":""}},"ast-content-background-meta":{"desktop":{"background-color":"var(--ast-global-color-4)","background-image":"","background-repeat":"repeat","background-position":"center center","background-size":"auto","background-attachment":"scroll","background-type":"","background-media":"","overlay-type":"","overlay-color":"","overlay-opacity":"","overlay-gradient":""},"tablet":{"background-color":"var(--ast-global-color-4)","background-image":"","background-repeat":"repeat","background-position":"center center","background-size":"auto","background-attachment":"scroll","background-type":"","background-media":"","overlay-type":"","overlay-color":"","overlay-opacity":"","overlay-gradient":""},"mobile":{"background-color":"var(--ast-global-color-4)","background-image":"","background-repeat":"repeat","background-position":"center center","background-size":"auto","background-attachment":"scroll","background-type":"","background-media":"","overlay-type":"","overlay-color":"","overlay-opacity":"","overlay-gradient":""}},"footnotes":""},"class_list":["post-8","page","type-page","status-publish","hentry"],"yoast_head":"<!-- This site is optimized with the Yoast SEO plugin v27.3 - https:\/\/yoast.com\/product\/yoast-seo-wordpress\/ -->\n<title>Home - Faixa Adicional<\/title>\n<meta name=\"robots\" content=\"index, follow, max-snippet:-1, max-image-preview:large, max-video-preview:-1\" \/>\n<link rel=\"canonical\" href=\"https:\/\/fa.udv.org\/\" \/>\n<meta property=\"og:locale\" content=\"pt_BR\" \/>\n<meta property=\"og:type\" content=\"article\" \/>\n<meta property=\"og:title\" content=\"Home - Faixa Adicional\" \/>\n<meta property=\"og:description\" content=\"NOSSA HIST\u00d3RIA &amp; PROP\u00d3SITO Mais do que uma contribui\u00e7\u00e3o, \u00e9 um gesto de confian\u00e7a e responsabilidade compartilhada. Em 2025, a [&hellip;]\" \/>\n<meta property=\"og:url\" content=\"https:\/\/fa.udv.org\/\" \/>\n<meta property=\"og:site_name\" content=\"Faixa Adicional\" \/>\n<meta property=\"article:modified_time\" content=\"2026-04-08T03:04:57+00:00\" \/>\n<meta name=\"twitter:card\" content=\"summary_large_image\" \/>\n<meta name=\"twitter:label1\" content=\"Est. tempo de leitura\" \/>\n\t<meta name=\"twitter:data1\" content=\"1 minuto\" \/>\n<script type=\"application\/ld+json\" class=\"yoast-schema-graph\">{\"@context\":\"https:\\\/\\\/schema.org\",\"@graph\":[{\"@type\":\"WebPage\",\"@id\":\"https:\\\/\\\/fa.udv.org\\\/\",\"url\":\"https:\\\/\\\/fa.udv.org\\\/\",\"name\":\"Home - Faixa Adicional\",\"isPartOf\":{\"@id\":\"https:\\\/\\\/fa.udv.org\\\/#website\"},\"primaryImageOfPage\":{\"@id\":\"https:\\\/\\\/fa.udv.org\\\/#primaryimage\"},\"image\":{\"@id\":\"https:\\\/\\\/fa.udv.org\\\/#primaryimage\"},\"thumbnailUrl\":\"https:\\\/\\\/fa.udv.org\\\/wp-content\\\/themes\\\/astra\\\/inc\\\/assets\\\/images\\\/starter-content\\\/hero-img.svg\",\"datePublished\":\"2026-04-07T21:16:14+00:00\",\"dateModified\":\"2026-04-08T03:04:57+00:00\",\"breadcrumb\":{\"@id\":\"https:\\\/\\\/fa.udv.org\\\/#breadcrumb\"},\"inLanguage\":\"pt-BR\",\"potentialAction\":[{\"@type\":\"ReadAction\",\"target\":[\"https:\\\/\\\/fa.udv.org\\\/\"]}]},{\"@type\":\"ImageObject\",\"inLanguage\":\"pt-BR\",\"@id\":\"https:\\\/\\\/fa.udv.org\\\/#primaryimage\",\"url\":\"\",\"contentUrl\":\"\"},{\"@type\":\"BreadcrumbList\",\"@id\":\"https:\\\/\\\/fa.udv.org\\\/#breadcrumb\",\"itemListElement\":[{\"@type\":\"ListItem\",\"position\":1,\"name\":\"In\u00edcio\",\"item\":\"https:\\\/\\\/fa.udv.org\\\/\"},{\"@type\":\"ListItem\",\"position\":2,\"name\":\"Home\"}]},{\"@type\":\"WebSite\",\"@id\":\"https:\\\/\\\/fa.udv.org\\\/#website\",\"url\":\"https:\\\/\\\/fa.udv.org\\\/\",\"name\":\"Faixa Adicional\",\"description\":\"\",\"publisher\":{\"@id\":\"https:\\\/\\\/fa.udv.org\\\/#organization\"},\"potentialAction\":[{\"@type\":\"SearchAction\",\"target\":{\"@type\":\"EntryPoint\",\"urlTemplate\":\"https:\\\/\\\/fa.udv.org\\\/?s={search_term_string}\"},\"query-input\":{\"@type\":\"PropertyValueSpecification\",\"valueRequired\":true,\"valueName\":\"search_term_string\"}}],\"inLanguage\":\"pt-BR\"},{\"@type\":\"Organization\",\"@id\":\"https:\\\/\\\/fa.udv.org\\\/#organization\",\"name\":\"Faixa Adicional\",\"url\":\"https:\\\/\\\/fa.udv.org\\\/\",\"logo\":{\"@type\":\"ImageObject\",\"inLanguage\":\"pt-BR\",\"@id\":\"https:\\\/\\\/fa.udv.org\\\/#\\\/schema\\\/logo\\\/image\\\/\",\"url\":\"https:\\\/\\\/fa.udv.org\\\/wp-content\\\/uploads\\\/2026\\\/04\\\/logo-cebudv-branco.png\",\"contentUrl\":\"https:\\\/\\\/fa.udv.org\\\/wp-content\\\/uploads\\\/2026\\\/04\\\/logo-cebudv-branco.png\",\"width\":260,\"height\":65,\"caption\":\"Faixa Adicional\"},\"image\":{\"@id\":\"https:\\\/\\\/fa.udv.org\\\/#\\\/schema\\\/logo\\\/image\\\/\"}}]}<\/script>\n<!-- \/ Yoast SEO plugin. -->","yoast_head_json":{"title":"Home - Faixa Adicional","robots":{"index":"index","follow":"follow","max-snippet":"max-snippet:-1","max-image-preview":"max-image-preview:large","max-video-preview":"max-video-preview:-1"},"canonical":"https:\/\/fa.udv.org\/","og_locale":"pt_BR","og_type":"article","og_title":"Home - Faixa Adicional","og_description":"NOSSA HIST\u00d3RIA &amp; PROP\u00d3SITO Mais do que uma contribui\u00e7\u00e3o, \u00e9 um gesto de confian\u00e7a e responsabilidade compartilhada. Em 2025, a [&hellip;]","og_url":"https:\/\/fa.udv.org\/","og_site_name":"Faixa Adicional","article_modified_time":"2026-04-08T03:04:57+00:00","twitter_card":"summary_large_image","twitter_misc":{"Est. tempo de leitura":"1 minuto"},"schema":{"@context":"https:\/\/schema.org","@graph":[{"@type":"WebPage","@id":"https:\/\/fa.udv.org\/","url":"https:\/\/fa.udv.org\/","name":"Home - Faixa Adicional","isPartOf":{"@id":"https:\/\/fa.udv.org\/#website"},"primaryImageOfPage":{"@id":"https:\/\/fa.udv.org\/#primaryimage"},"image":{"@id":"https:\/\/fa.udv.org\/#primaryimage"},"thumbnailUrl":"https:\/\/fa.udv.org\/wp-content\/themes\/astra\/inc\/assets\/images\/starter-content\/hero-img.svg","datePublished":"2026-04-07T21:16:14+00:00","dateModified":"2026-04-08T03:04:57+00:00","breadcrumb":{"@id":"https:\/\/fa.udv.org\/#breadcrumb"},"inLanguage":"pt-BR","potentialAction":[{"@type":"ReadAction","target":["https:\/\/fa.udv.org\/"]}]},{"@type":"ImageObject","inLanguage":"pt-BR","@id":"https:\/\/fa.udv.org\/#primaryimage","url":"","contentUrl":""},{"@type":"BreadcrumbList","@id":"https:\/\/fa.udv.org\/#breadcrumb","itemListElement":[{"@type":"ListItem","position":1,"name":"In\u00edcio","item":"https:\/\/fa.udv.org\/"},{"@type":"ListItem","position":2,"name":"Home"}]},{"@type":"WebSite","@id":"https:\/\/fa.udv.org\/#website","url":"https:\/\/fa.udv.org\/","name":"Faixa Adicional","description":"","publisher":{"@id":"https:\/\/fa.udv.org\/#organization"},"potentialAction":[{"@type":"SearchAction","target":{"@type":"EntryPoint","urlTemplate":"https:\/\/fa.udv.org\/?s={search_term_string}"},"query-input":{"@type":"PropertyValueSpecification","valueRequired":true,"valueName":"search_term_string"}}],"inLanguage":"pt-BR"},{"@type":"Organization","@id":"https:\/\/fa.udv.org\/#organization","name":"Faixa Adicional","url":"https:\/\/fa.udv.org\/","logo":{"@type":"ImageObject","inLanguage":"pt-BR","@id":"https:\/\/fa.udv.org\/#\/schema\/logo\/image\/","url":"https:\/\/fa.udv.org\/wp-content\/uploads\/2026\/04\/logo-cebudv-branco.png","contentUrl":"https:\/\/fa.udv.org\/wp-content\/uploads\/2026\/04\/logo-cebudv-branco.png","width":260,"height":65,"caption":"Faixa Adicional"},"image":{"@id":"https:\/\/fa.udv.org\/#\/schema\/logo\/image\/"}}]}},"_links":{"self":[{"href":"https:\/\/fa.udv.org\/index.php?rest_route=\/wp\/v2\/pages\/8","targetHints":{"allow":["GET"]}}],"collection":[{"href":"https:\/\/fa.udv.org\/index.php?rest_route=\/wp\/v2\/pages"}],"about":[{"href":"https:\/\/fa.udv.org\/index.php?rest_route=\/wp\/v2\/types\/page"}],"author":[{"embeddable":true,"href":"https:\/\/fa.udv.org\/index.php?rest_route=\/wp\/v2\/users\/1"}],"replies":[{"embeddable":true,"href":"https:\/\/fa.udv.org\/index.php?rest_route=%2Fwp%2Fv2%2Fcomments&post=8"}],"version-history":[{"count":18,"href":"https:\/\/fa.udv.org\/index.php?rest_route=\/wp\/v2\/pages\/8\/revisions"}],"predecessor-version":[{"id":67,"href":"https:\/\/fa.udv.org\/index.php?rest_route=\/wp\/v2\/pages\/8\/revisions\/67"}],"wp:attachment":[{"href":"https:\/\/fa.udv.org\/index.php?rest_route=%2Fwp%2Fv2%2Fmedia&parent=8"}],"curies":[{"name":"wp","href":"https:\/\/api.w.org\/{rel}","templated":true}]}}